{"id":48,"date":"2018-01-23T19:33:36","date_gmt":"2018-01-23T21:33:36","guid":{"rendered":"http:\/\/seguindoevangelho.com\/?page_id=48"},"modified":"2024-01-31T00:06:34","modified_gmt":"2024-01-31T03:06:34","slug":"privacidade","status":"publish","type":"page","link":"https:\/\/vagas.empregosinfoco.com\/en\/privacidade\/","title":{"rendered":"Pol\u00edtica de Privacidade"},"content":{"rendered":"<p>Todas as suas informa\u00e7\u00f5es pessoais recolhidas, ser\u00e3o usadas para o ajudar a tornar a sua visita no nosso site o mais produtiva e agrad\u00e1vel poss\u00edvel.<\/p>\n<p>A garantia da confidencialidade dos dados pessoais dos utilizadores do nosso site \u00e9 importante para o n\u00f3s.<\/p>\n<p>Todas as informa\u00e7\u00f5es pessoais relativas a membros, assinantes, clientes ou visitantes que usem o nosso site ser\u00e3o tratadas em concord\u00e2ncia com a Lei da Prote\u00e7\u00e3o de Dados Pessoais de 26 de outubro de 1998 (Lei n.\u00ba 67\/98).<\/p>\n<p>A informa\u00e7\u00e3o pessoal recolhida pode incluir o seu nome, e-mail, n\u00famero de telefone e\/ou telem\u00f3vel, morada, data de nascimento e\/ou outros.<\/p>\n<p>O uso do nosso site pressup\u00f5e a aceita\u00e7\u00e3o deste Acordo de privacidade. A nossa equipe reserva-se ao direito de alterar este acordo sem aviso pr\u00e9vio. Deste modo, recomendamos que consulte a nossa pol\u00edtica de privacidade com regularidade de forma a estar sempre atualizado.<\/p>\n<h2>Os An\u00fancios<\/h2>\n<p>Tal como outros websites, coletamos e utilizamos informa\u00e7\u00e3o contida nos an\u00fancios. A informa\u00e7\u00e3o contida nos an\u00fancios, inclui o seu endere\u00e7o IP (Internet Protocol), o seu ISP (Internet Service Provider, como o Sapo, Clix, ou outro), o browser que utilizou ao visitar o nosso website (como o Internet Explorer ou o Firefox), o tempo da sua visita e que p\u00e1ginas visitou dentro do nosso website.<\/p>\n<h2>Cookie DoubleClick Dart<\/h2>\n<p>O Google, como fornecedor de terceiros, utiliza cookies para exibir an\u00fancios no nosso website;<br \/>\nCom o cookie DART, o Google pode exibir an\u00fancios com base nas visitas que o leitor fez a outros websites na Internet;<\/p>\n<p>Os utilizadores podem desativar o cookie DART visitando a Pol\u00edtica de privacidade da rede de conte\u00fado e dos an\u00fancios do Google.<\/p>\n<h2>Os Cookies e Web Beacons<\/h2>\n<p>Utilizamos cookies para armazenar informa\u00e7\u00e3o, tais como as suas prefer\u00eancias pessoas quando visita o nosso website. Isto poder\u00e1 incluir um simples popup, ou uma liga\u00e7\u00e3o em v\u00e1rios servi\u00e7os que providenciamos, tais como f\u00f3runs.<\/p>\n<p>Em adi\u00e7\u00e3o tamb\u00e9m utilizamos publicidade de terceiros no nosso website para suportar os custos de manuten\u00e7\u00e3o. Alguns destes publicit\u00e1rios, poder\u00e3o utilizar tecnologias como os cookies e\/ou web beacons quando publicitam no nosso website, o que far\u00e1 com que esses publicit\u00e1rios (como o Google atrav\u00e9s do Google AdSense) tamb\u00e9m recebam a sua informa\u00e7\u00e3o pessoal, como o endere\u00e7o IP, o seu ISP, o seu browser, etc. Esta fun\u00e7\u00e3o \u00e9 geralmente utilizada para geotargeting (mostrar publicidade de Lisboa apenas aos leitores oriundos de Lisboa por ex.) ou apresentar publicidade direcionada a um tipo de utilizador (como mostrar publicidade de restaurante a um utilizador que visita sites de culin\u00e1ria regularmente, por ex.).<\/p>\n<p>Voc\u00ea det\u00e9m o poder de desligar os seus cookies, nas op\u00e7\u00f5es do seu browser, ou efetuando altera\u00e7\u00f5es nas ferramentas de programas Anti-Virus, como o Norton Internet Security. No entanto, isso poder\u00e1 alterar a forma como interage com o nosso website, ou outros websites. Isso poder\u00e1 afetar ou n\u00e3o permitir que fa\u00e7a logins em programas, sites ou f\u00f3runs da nossa e de outras redes.<\/p>\n<h2>Liga\u00e7\u00f5es a Sites de terceiros<\/h2>\n<p>Nosso site possui liga\u00e7\u00f5es para outros sites, os quais, a nosso ver, podem conter informa\u00e7\u00f5es \/ ferramentas \u00fateis para os nossos visitantes. A nossa pol\u00edtica de privacidade n\u00e3o \u00e9 aplicada a sites de terceiros, pelo que, caso visite outro site a partir do nosso dever\u00e1 ler a politica de privacidade do mesmo.<\/p>\n<p>N\u00e3o nos responsabilizamos pela pol\u00edtica de privacidade ou conte\u00fado presente nesses mesmos sites.<\/p>","protected":false},"excerpt":{"rendered":"","protected":false},"author":1,"featured_media":0,"parent":0,"menu_order":0,"comment_status":"closed","ping_status":"closed","template":"","meta":{"footnotes":""},"class_list":{"0":"post-48","1":"page","2":"type-page","3":"status-publish","5":"infinite-scroll-item"},"yoast_head":"<!-- This site is optimized with the Yoast SEO plugin v23.8 - https:\/\/yoast.com\/wordpress\/plugins\/seo\/ -->\n<title>Pol\u00edtica de Privacidade - Vagas de Emprego InFoco<\/title>\n<meta name=\"robots\" content=\"noindex, nofollow\" \/>\n<meta property=\"og:locale\" content=\"en_US\" \/>\n<meta property=\"og:type\" content=\"article\" \/>\n<meta property=\"og:title\" content=\"Pol\u00edtica de Privacidade - Vagas de Emprego InFoco\" \/>\n<meta property=\"og:url\" content=\"https:\/\/vagas.empregosinfoco.com\/en\/privacidade\/\" \/>\n<meta property=\"og:site_name\" content=\"Vagas de Emprego InFoco\" \/>\n<meta property=\"article:modified_time\" content=\"2024-01-31T03:06:34+00:00\" \/>\n<meta name=\"twitter:card\" content=\"summary_large_image\" \/>\n<meta name=\"twitter:label1\" content=\"Est. reading time\" \/>\n\t<meta name=\"twitter:data1\" content=\"4 minutes\" \/>\n<script type=\"application\/ld+json\" class=\"yoast-schema-graph\">{\"@context\":\"https:\/\/schema.org\",\"@graph\":[{\"@type\":\"WebPage\",\"@id\":\"https:\/\/vagas.empregosinfoco.com\/privacidade\/\",\"url\":\"https:\/\/vagas.empregosinfoco.com\/privacidade\/\",\"name\":\"Pol\u00edtica de Privacidade - Vagas de Emprego InFoco\",\"isPartOf\":{\"@id\":\"https:\/\/vagas.empregosinfoco.com\/#website\"},\"datePublished\":\"2018-01-23T21:33:36+00:00\",\"dateModified\":\"2024-01-31T03:06:34+00:00\",\"breadcrumb\":{\"@id\":\"https:\/\/vagas.empregosinfoco.com\/privacidade\/#breadcrumb\"},\"inLanguage\":\"en-US\",\"potentialAction\":[{\"@type\":\"ReadAction\",\"target\":[\"https:\/\/vagas.empregosinfoco.com\/privacidade\/\"]}]},{\"@type\":\"BreadcrumbList\",\"@id\":\"https:\/\/vagas.empregosinfoco.com\/privacidade\/#breadcrumb\",\"itemListElement\":[{\"@type\":\"ListItem\",\"position\":1,\"name\":\"In\u00edcio\",\"item\":\"https:\/\/vagas.empregosinfoco.com\/\"},{\"@type\":\"ListItem\",\"position\":2,\"name\":\"Pol\u00edtica de Privacidade\"}]},{\"@type\":\"WebSite\",\"@id\":\"https:\/\/vagas.empregosinfoco.com\/#website\",\"url\":\"https:\/\/vagas.empregosinfoco.com\/\",\"name\":\"Vagas de Emprego InFoco\",\"description\":\"Vagas, empregos, treinamentos, oportunidades e dicas para voc\u00ea\",\"publisher\":{\"@id\":\"https:\/\/vagas.empregosinfoco.com\/#organization\"},\"potentialAction\":[{\"@type\":\"SearchAction\",\"target\":{\"@type\":\"EntryPoint\",\"urlTemplate\":\"https:\/\/vagas.empregosinfoco.com\/?s={search_term_string}\"},\"query-input\":{\"@type\":\"PropertyValueSpecification\",\"valueRequired\":true,\"valueName\":\"search_term_string\"}}],\"inLanguage\":\"en-US\"},{\"@type\":\"Organization\",\"@id\":\"https:\/\/vagas.empregosinfoco.com\/#organization\",\"name\":\"Vagas de Emprego InFoco\",\"url\":\"https:\/\/vagas.empregosinfoco.com\/\",\"logo\":{\"@type\":\"ImageObject\",\"inLanguage\":\"en-US\",\"@id\":\"https:\/\/vagas.empregosinfoco.com\/#\/schema\/logo\/image\/\",\"url\":\"https:\/\/vagas.empregosinfoco.com\/wp-content\/uploads\/2022\/12\/logo-vagas-infoco1.png\",\"contentUrl\":\"https:\/\/vagas.empregosinfoco.com\/wp-content\/uploads\/2022\/12\/logo-vagas-infoco1.png\",\"width\":406,\"height\":76,\"caption\":\"Vagas de Emprego InFoco\"},\"image\":{\"@id\":\"https:\/\/vagas.empregosinfoco.com\/#\/schema\/logo\/image\/\"}}]}<\/script>\n<!-- \/ Yoast SEO plugin. -->","yoast_head_json":{"title":"Pol\u00edtica de Privacidade - Vagas de Emprego InFoco","robots":{"index":"noindex","follow":"nofollow"},"og_locale":"en_US","og_type":"article","og_title":"Pol\u00edtica de Privacidade - Vagas de Emprego InFoco","og_url":"https:\/\/vagas.empregosinfoco.com\/en\/privacidade\/","og_site_name":"Vagas de Emprego InFoco","article_modified_time":"2024-01-31T03:06:34+00:00","twitter_card":"summary_large_image","twitter_misc":{"Est. reading time":"4 minutes"},"schema":{"@context":"https:\/\/schema.org","@graph":[{"@type":"WebPage","@id":"https:\/\/vagas.empregosinfoco.com\/privacidade\/","url":"https:\/\/vagas.empregosinfoco.com\/privacidade\/","name":"Pol\u00edtica de Privacidade - Vagas de Emprego InFoco","isPartOf":{"@id":"https:\/\/vagas.empregosinfoco.com\/#website"},"datePublished":"2018-01-23T21:33:36+00:00","dateModified":"2024-01-31T03:06:34+00:00","breadcrumb":{"@id":"https:\/\/vagas.empregosinfoco.com\/privacidade\/#breadcrumb"},"inLanguage":"en-US","potentialAction":[{"@type":"ReadAction","target":["https:\/\/vagas.empregosinfoco.com\/privacidade\/"]}]},{"@type":"BreadcrumbList","@id":"https:\/\/vagas.empregosinfoco.com\/privacidade\/#breadcrumb","itemListElement":[{"@type":"ListItem","position":1,"name":"In\u00edcio","item":"https:\/\/vagas.empregosinfoco.com\/"},{"@type":"ListItem","position":2,"name":"Pol\u00edtica de Privacidade"}]},{"@type":"WebSite","@id":"https:\/\/vagas.empregosinfoco.com\/#website","url":"https:\/\/vagas.empregosinfoco.com\/","name":"Vagas de Emprego InFoco","description":"Vagas, empregos, treinamentos, oportunidades e dicas para voc\u00ea","publisher":{"@id":"https:\/\/vagas.empregosinfoco.com\/#organization"},"potentialAction":[{"@type":"SearchAction","target":{"@type":"EntryPoint","urlTemplate":"https:\/\/vagas.empregosinfoco.com\/?s={search_term_string}"},"query-input":{"@type":"PropertyValueSpecification","valueRequired":true,"valueName":"search_term_string"}}],"inLanguage":"en-US"},{"@type":"Organization","@id":"https:\/\/vagas.empregosinfoco.com\/#organization","name":"Vagas de Emprego InFoco","url":"https:\/\/vagas.empregosinfoco.com\/","logo":{"@type":"ImageObject","inLanguage":"en-US","@id":"https:\/\/vagas.empregosinfoco.com\/#\/schema\/logo\/image\/","url":"https:\/\/vagas.empregosinfoco.com\/wp-content\/uploads\/2022\/12\/logo-vagas-infoco1.png","contentUrl":"https:\/\/vagas.empregosinfoco.com\/wp-content\/uploads\/2022\/12\/logo-vagas-infoco1.png","width":406,"height":76,"caption":"Vagas de Emprego InFoco"},"image":{"@id":"https:\/\/vagas.empregosinfoco.com\/#\/schema\/logo\/image\/"}}]}},"_links":{"self":[{"href":"https:\/\/vagas.empregosinfoco.com\/en\/wp-json\/wp\/v2\/pages\/48","targetHints":{"allow":["GET"]}}],"collection":[{"href":"https:\/\/vagas.empregosinfoco.com\/en\/wp-json\/wp\/v2\/pages"}],"about":[{"href":"https:\/\/vagas.empregosinfoco.com\/en\/wp-json\/wp\/v2\/types\/page"}],"author":[{"embeddable":true,"href":"https:\/\/vagas.empregosinfoco.com\/en\/wp-json\/wp\/v2\/users\/1"}],"replies":[{"embeddable":true,"href":"https:\/\/vagas.empregosinfoco.com\/en\/wp-json\/wp\/v2\/comments?post=48"}],"version-history":[{"count":2,"href":"https:\/\/vagas.empregosinfoco.com\/en\/wp-json\/wp\/v2\/pages\/48\/revisions"}],"predecessor-version":[{"id":2554,"href":"https:\/\/vagas.empregosinfoco.com\/en\/wp-json\/wp\/v2\/pages\/48\/revisions\/2554"}],"wp:attachment":[{"href":"https:\/\/vagas.empregosinfoco.com\/en\/wp-json\/wp\/v2\/media?parent=48"}],"curies":[{"name":"wp","href":"https:\/\/api.w.org\/{rel}","templated":true}]}}