{"id":2,"date":"2018-01-17T20:05:58","date_gmt":"2018-01-17T22:05:58","guid":{"rendered":"http:\/\/seguindoevangelho.com\/?page_id=2"},"modified":"2024-01-31T00:06:18","modified_gmt":"2024-01-31T03:06:18","slug":"contato","status":"publish","type":"page","link":"https:\/\/vagas.empregosinfoco.com\/es\/contato\/","title":{"rendered":"Contacto"},"content":{"rendered":"<p>As informa\u00e7\u00f5es contidas neste site s\u00e3o apenas para fins de informa\u00e7\u00f5es gerais, e nosso site n\u00e3o assume responsabilidade por nenhum erro ou omiss\u00e3o no conte\u00fado.<\/p>\n\n\n\n<p>O site se reserva o direito de fazer edi\u00e7\u00f5es, modifica\u00e7\u00f5es ou exclus\u00f5es no conte\u00fado a qualquer momento, sem aviso pr\u00e9vio.<\/p>\n\n\n\n<h3 class=\"wp-block-heading\">FALE CONOSCO<\/h3>\n\n\n\n<p>Para d\u00favidas, parcerias ou outras solicita\u00e7\u00f5es, fa\u00e7a contato conosco atrav\u00e9s formul\u00e1rio abaixo:<\/p>\n\n\n<div class=\"gb-container gb-container-c9173fa2\">\n\n<div class=\"wp-block-columns is-layout-flex wp-container-core-columns-is-layout-1 wp-block-columns-is-layout-flex\">\n<div class=\"wp-block-column is-layout-flow wp-block-column-is-layout-flow\">\n<div class=\"form-field\">\n      <label for=\"name\">Nome<\/label>\n      <input type=\"text\" id=\"name\" name=\"name\" required>\n    <\/div>\n<\/div>\n\n\n\n<div class=\"wp-block-column is-layout-flow wp-block-column-is-layout-flow\">\n<div class=\"form-field\">\n      <label for=\"email\">E-mail<\/label>\n      <input type=\"email\" id=\"email\" name=\"email\" required>\n    <\/div>\n<\/div>\n<\/div>\n\n\n<div class=\"gb-container gb-container-243f95d5\">\n\n<div class=\"form-field\" style=\"flex-basis: 100%;\">\n      <label for=\"message\">Mensagem<\/label>\n      <textarea id=\"message\" name=\"message\" required><\/textarea>\n    <\/div>\n\n<\/div>\n\n<div class=\"gb-container gb-container-a7c4c925\">\n\n<div class=\"loaderzz\" style=\"display:none;\"><\/div>\n\n\n\n<div class=\"msg_send\" style=\"display:none;\"><strong>Mensagem Enviada!<br>Em breve entraremos em contato!<\/strong><\/div>\n\n\n\n<button class=\"gb-button gb-button-e30f9d78 gb-button-text botao_send\">Enviar<\/button>\n\n<\/div>\n<\/div>\n\n\n<script>\n  var botao_send = document.querySelector('.botao_send'), loaderzz = document.querySelector('.loaderzz'), msg_send = document.querySelector('.msg_send');\n  botao_send.onclick = function(e) {\n\n    var emailField = document.getElementById('email');\n    var messageField = document.getElementById('message');\n    if (!emailField.checkValidity()){\n        alert('preencha o email corretamente');\n        emailField.focus();\n        return;\n    }\n    if (!messageField.checkValidity()){\n        alert('preencha o campo de mensagem');\n        messageField.focus();\n        return;  \n    }\n\n    botao_send.style.display = 'none';\n    loaderzz.style.display = 'block';\n\n    setTimeout(function() {\n      loaderzz.style.display = 'none';\n      msg_send.style.display = 'block';\n    }, 2000);\n  };\n<\/script>\n<style>\n  @media (max-width: 768px) {\n    .form-container { flex-direction: column; }\n  }\n\n  .form-container { display: flex; justify-content: space-between;   }\n  .form-field { margin: 10px; flex-basis: calc(50% - 20px); }\n\n  input, textarea, button {\n    width: 100%;\n    padding: 10px;\n    margin-top: 5px;\n    box-sizing: border-box;\n  }\n\n  .loaderzz {\n    border: 4px solid #f3f3f3;\n    border-radius: 50%;\n    border-top: 4px solid #3498db;\n    width: 30px;\n    height: 30px;\n    -webkit-animation: spin 2s linear infinite; \/* Safari *\/\n    animation: spin 1s linear infinite;\n    margin: 0 auto;\n  }\n\n  @-webkit-keyframes spin {\n    0% { -webkit-transform: rotate(0deg); }\n    100% { -webkit-transform: rotate(360deg); }\n  }\n\n  @keyframes spin {\n    0% { transform: rotate(0deg); }\n    100% { transform: rotate(360deg); }\n  }\n<\/style>","protected":false},"excerpt":{"rendered":"","protected":false},"author":1,"featured_media":0,"parent":0,"menu_order":0,"comment_status":"closed","ping_status":"open","template":"","meta":{"footnotes":""},"class_list":{"0":"post-2","1":"page","2":"type-page","3":"status-publish","5":"infinite-scroll-item"},"yoast_head":"<!-- This site is optimized with the Yoast SEO plugin v23.8 - https:\/\/yoast.com\/wordpress\/plugins\/seo\/ -->\n<title>Contato - Vagas de Emprego InFoco<\/title>\n<meta name=\"robots\" content=\"noindex, nofollow\" \/>\n<meta property=\"og:locale\" content=\"es_ES\" \/>\n<meta property=\"og:type\" content=\"article\" \/>\n<meta property=\"og:title\" content=\"Contato - Vagas de Emprego InFoco\" \/>\n<meta property=\"og:url\" content=\"https:\/\/vagas.empregosinfoco.com\/es\/contato\/\" \/>\n<meta property=\"og:site_name\" content=\"Vagas de Emprego InFoco\" \/>\n<meta property=\"article:modified_time\" content=\"2024-01-31T03:06:18+00:00\" \/>\n<meta name=\"twitter:card\" content=\"summary_large_image\" \/>\n<meta name=\"twitter:label1\" content=\"Est. reading time\" \/>\n\t<meta name=\"twitter:data1\" content=\"1 minute\" \/>\n<script type=\"application\/ld+json\" class=\"yoast-schema-graph\">{\"@context\":\"https:\/\/schema.org\",\"@graph\":[{\"@type\":\"WebPage\",\"@id\":\"https:\/\/vagas.empregosinfoco.com\/contato\/\",\"url\":\"https:\/\/vagas.empregosinfoco.com\/contato\/\",\"name\":\"Contato - Vagas de Emprego InFoco\",\"isPartOf\":{\"@id\":\"https:\/\/vagas.empregosinfoco.com\/#website\"},\"datePublished\":\"2018-01-17T22:05:58+00:00\",\"dateModified\":\"2024-01-31T03:06:18+00:00\",\"breadcrumb\":{\"@id\":\"https:\/\/vagas.empregosinfoco.com\/contato\/#breadcrumb\"},\"inLanguage\":\"es-ES\",\"potentialAction\":[{\"@type\":\"ReadAction\",\"target\":[\"https:\/\/vagas.empregosinfoco.com\/contato\/\"]}]},{\"@type\":\"BreadcrumbList\",\"@id\":\"https:\/\/vagas.empregosinfoco.com\/contato\/#breadcrumb\",\"itemListElement\":[{\"@type\":\"ListItem\",\"position\":1,\"name\":\"In\u00edcio\",\"item\":\"https:\/\/vagas.empregosinfoco.com\/\"},{\"@type\":\"ListItem\",\"position\":2,\"name\":\"Contato\"}]},{\"@type\":\"WebSite\",\"@id\":\"https:\/\/vagas.empregosinfoco.com\/#website\",\"url\":\"https:\/\/vagas.empregosinfoco.com\/\",\"name\":\"Vagas de Emprego InFoco\",\"description\":\"Vagas, empregos, treinamentos, oportunidades e dicas para voc\u00ea\",\"publisher\":{\"@id\":\"https:\/\/vagas.empregosinfoco.com\/#organization\"},\"potentialAction\":[{\"@type\":\"SearchAction\",\"target\":{\"@type\":\"EntryPoint\",\"urlTemplate\":\"https:\/\/vagas.empregosinfoco.com\/?s={search_term_string}\"},\"query-input\":{\"@type\":\"PropertyValueSpecification\",\"valueRequired\":true,\"valueName\":\"search_term_string\"}}],\"inLanguage\":\"es-ES\"},{\"@type\":\"Organization\",\"@id\":\"https:\/\/vagas.empregosinfoco.com\/#organization\",\"name\":\"Vagas de Emprego InFoco\",\"url\":\"https:\/\/vagas.empregosinfoco.com\/\",\"logo\":{\"@type\":\"ImageObject\",\"inLanguage\":\"es-ES\",\"@id\":\"https:\/\/vagas.empregosinfoco.com\/#\/schema\/logo\/image\/\",\"url\":\"https:\/\/vagas.empregosinfoco.com\/wp-content\/uploads\/2022\/12\/logo-vagas-infoco1.png\",\"contentUrl\":\"https:\/\/vagas.empregosinfoco.com\/wp-content\/uploads\/2022\/12\/logo-vagas-infoco1.png\",\"width\":406,\"height\":76,\"caption\":\"Vagas de Emprego InFoco\"},\"image\":{\"@id\":\"https:\/\/vagas.empregosinfoco.com\/#\/schema\/logo\/image\/\"}}]}<\/script>\n<!-- \/ Yoast SEO plugin. -->","yoast_head_json":{"title":"Contato - Vagas de Emprego InFoco","robots":{"index":"noindex","follow":"nofollow"},"og_locale":"es_ES","og_type":"article","og_title":"Contato - Vagas de Emprego InFoco","og_url":"https:\/\/vagas.empregosinfoco.com\/es\/contato\/","og_site_name":"Vagas de Emprego InFoco","article_modified_time":"2024-01-31T03:06:18+00:00","twitter_card":"summary_large_image","twitter_misc":{"Est. reading time":"1 minute"},"schema":{"@context":"https:\/\/schema.org","@graph":[{"@type":"WebPage","@id":"https:\/\/vagas.empregosinfoco.com\/contato\/","url":"https:\/\/vagas.empregosinfoco.com\/contato\/","name":"Contato - Vagas de Emprego InFoco","isPartOf":{"@id":"https:\/\/vagas.empregosinfoco.com\/#website"},"datePublished":"2018-01-17T22:05:58+00:00","dateModified":"2024-01-31T03:06:18+00:00","breadcrumb":{"@id":"https:\/\/vagas.empregosinfoco.com\/contato\/#breadcrumb"},"inLanguage":"es-ES","potentialAction":[{"@type":"ReadAction","target":["https:\/\/vagas.empregosinfoco.com\/contato\/"]}]},{"@type":"BreadcrumbList","@id":"https:\/\/vagas.empregosinfoco.com\/contato\/#breadcrumb","itemListElement":[{"@type":"ListItem","position":1,"name":"In\u00edcio","item":"https:\/\/vagas.empregosinfoco.com\/"},{"@type":"ListItem","position":2,"name":"Contato"}]},{"@type":"WebSite","@id":"https:\/\/vagas.empregosinfoco.com\/#website","url":"https:\/\/vagas.empregosinfoco.com\/","name":"Vagas de Emprego InFoco","description":"Vagas, empregos, treinamentos, oportunidades e dicas para voc\u00ea","publisher":{"@id":"https:\/\/vagas.empregosinfoco.com\/#organization"},"potentialAction":[{"@type":"SearchAction","target":{"@type":"EntryPoint","urlTemplate":"https:\/\/vagas.empregosinfoco.com\/?s={search_term_string}"},"query-input":{"@type":"PropertyValueSpecification","valueRequired":true,"valueName":"search_term_string"}}],"inLanguage":"es-ES"},{"@type":"Organization","@id":"https:\/\/vagas.empregosinfoco.com\/#organization","name":"Vagas de Emprego InFoco","url":"https:\/\/vagas.empregosinfoco.com\/","logo":{"@type":"ImageObject","inLanguage":"es-ES","@id":"https:\/\/vagas.empregosinfoco.com\/#\/schema\/logo\/image\/","url":"https:\/\/vagas.empregosinfoco.com\/wp-content\/uploads\/2022\/12\/logo-vagas-infoco1.png","contentUrl":"https:\/\/vagas.empregosinfoco.com\/wp-content\/uploads\/2022\/12\/logo-vagas-infoco1.png","width":406,"height":76,"caption":"Vagas de Emprego InFoco"},"image":{"@id":"https:\/\/vagas.empregosinfoco.com\/#\/schema\/logo\/image\/"}}]}},"_links":{"self":[{"href":"https:\/\/vagas.empregosinfoco.com\/es\/wp-json\/wp\/v2\/pages\/2","targetHints":{"allow":["GET"]}}],"collection":[{"href":"https:\/\/vagas.empregosinfoco.com\/es\/wp-json\/wp\/v2\/pages"}],"about":[{"href":"https:\/\/vagas.empregosinfoco.com\/es\/wp-json\/wp\/v2\/types\/page"}],"author":[{"embeddable":true,"href":"https:\/\/vagas.empregosinfoco.com\/es\/wp-json\/wp\/v2\/users\/1"}],"replies":[{"embeddable":true,"href":"https:\/\/vagas.empregosinfoco.com\/es\/wp-json\/wp\/v2\/comments?post=2"}],"version-history":[{"count":1,"href":"https:\/\/vagas.empregosinfoco.com\/es\/wp-json\/wp\/v2\/pages\/2\/revisions"}],"predecessor-version":[{"id":3677,"href":"https:\/\/vagas.empregosinfoco.com\/es\/wp-json\/wp\/v2\/pages\/2\/revisions\/3677"}],"wp:attachment":[{"href":"https:\/\/vagas.empregosinfoco.com\/es\/wp-json\/wp\/v2\/media?parent=2"}],"curies":[{"name":"wp","href":"https:\/\/api.w.org\/{rel}","templated":true}]}}